{"id":42,"date":"2023-08-08T16:56:50","date_gmt":"2023-08-08T16:56:50","guid":{"rendered":"https:\/\/defiscalisant.com\/?page_id=42"},"modified":"2023-09-25T12:16:57","modified_gmt":"2023-09-25T12:16:57","slug":"konfidenczialnost","status":"publish","type":"page","link":"https:\/\/vcerc.org\/cs\/duveryhodnost\/","title":{"rendered":"Soukrom\u00ed"},"content":{"rendered":"<p>V\u00edtejte v Soukrom\u00ed, va\u0161\u00ed jedin\u00e9 c\u00edlov\u00e9 destinaci pro nejlep\u0161\u00ed v\u00fdb\u011br v\u00edcejazy\u010dn\u00fdch platforem pro videochat s \u017eiv\u00fdm p\u0159enosem p\u0159izp\u016fsoben\u00fdch pro dosp\u011bl\u00e9 publikum. V Privacy ch\u00e1peme d\u016fle\u017eitost va\u0161ich online z\u00e1\u017eitk\u016f a sna\u017e\u00edme se poskytovat bezpe\u010dn\u00e9, p\u0159\u00edjemn\u00e9 a obohacuj\u00edc\u00ed prost\u0159ed\u00ed pro v\u0161echny u\u017eivatele.<\/p>\n<p>&nbsp;<\/p>\n<p><strong>Objevte to nejlep\u0161\u00ed z \u017eiv\u00fdch p\u0159enos\u016f<\/strong><\/p>\n<p>Hled\u00e1te pohlcuj\u00edc\u00ed a interaktivn\u00ed zp\u016fsob, jak se spojit s podobn\u011b sm\u00fd\u0161lej\u00edc\u00edmi lidmi z cel\u00e9ho sv\u011bta? U\u017e v tom nehledejte. Ochrana osobn\u00edch \u00fadaj\u016f se m\u016f\u017ee pochlubit rozs\u00e1hl\u00fdm katalogem nejobl\u00edben\u011bj\u0161\u00edch platforem pro videochat s \u017eiv\u00fdm p\u0159enosem, z nich\u017e ka\u017ed\u00e1 nab\u00edz\u00ed jedine\u010dn\u00fd a vzru\u0161uj\u00edc\u00ed z\u00e1\u017eitek. Na\u0161e platforma je pe\u010dliv\u011b upravena tak, aby bylo zaji\u0161t\u011bno, \u017ee budete m\u00edt p\u0159\u00edstup k tomu nejlep\u0161\u00edmu z nejlep\u0161\u00edch, s mo\u017enostmi ve v\u00edce jazyc\u00edch, kter\u00e9 uspokoj\u00ed va\u0161e preference.<\/p>\n<p><strong>\u010cek\u00e1 na v\u00e1s sv\u011bt p\u0159\u00edle\u017eitost\u00ed<\/strong><\/p>\n<p>Ve spole\u010dnosti Privacy v\u011b\u0159\u00edme, \u017ee interakce dosp\u011bl\u00fdch by m\u011bly b\u00fdt vzru\u0161uj\u00edc\u00ed, bezpe\u010dn\u00e9 a z\u00e1bavn\u00e9. Proto poskytujeme mno\u017estv\u00ed cenn\u00fdch zdroj\u016f, rad a doporu\u010den\u00ed t\u00fdkaj\u00edc\u00edch se komunikace s webovou kamerou, seznamov\u00e1n\u00ed s nov\u00fdmi lidmi a dal\u0161\u00ed. Na\u0161\u00edm posl\u00e1n\u00edm je zlep\u0161it v\u00e1\u0161 online z\u00e1\u017eitek t\u00edm, \u017ee v\u00e1m nab\u00eddneme odborn\u00e9 poznatky a praktick\u00e9 tipy, kter\u00e9 v\u00e1m umo\u017en\u00ed co nejl\u00e9pe vyu\u017e\u00edt v\u00e1\u0161 \u010das na platform\u00e1ch pro videochaty s \u017eiv\u00fdm p\u0159enosem.<\/p>\n<p>&nbsp;<\/p>\n<p><strong>Prozkoumejte na\u0161e bohat\u00e9 \u00falo\u017ei\u0161t\u011b znalost\u00ed<\/strong><\/p>\n<ul>\n<li><em>Bezpe\u010dnost p\u0159edev\u0161\u00edm<\/em>: Up\u0159ednost\u0148ujeme va\u0161e soukrom\u00ed a bezpe\u010dnost, poskytujeme pokyny pro zachov\u00e1n\u00ed anonymity a stanoven\u00ed hranic p\u0159i sledov\u00e1n\u00ed \u017eiv\u00fdch p\u0159enos\u016f.<\/li>\n<li><em>Spojen\u00ed s d\u016fv\u011brou<\/em>: Objevte tipy, jak budovat skute\u010dn\u00e9 kontakty s ostatn\u00edmi u\u017eivateli, podporovat smyslupln\u00e9 vztahy a u\u017e\u00edvat si nezapomenuteln\u00e9 konverzace.<\/li>\n<li><em>Navigace ve sv\u011bt\u011b \u017eiv\u00fdch p\u0159enos\u016f<\/em>: A\u0165 u\u017e jste za\u010d\u00e1te\u010dn\u00edk nebo zku\u0161en\u00fd u\u017eivatel, Privacy nab\u00edz\u00ed komplexn\u00ed pr\u016fvodce, kter\u00fd v\u00e1m pom\u016f\u017ee co nejl\u00e9pe vyu\u017e\u00edt \u010das na platform\u00e1ch pro videochat.<\/li>\n<li><em>V\u00edcejazy\u010dn\u00e9 mistrovstv\u00ed<\/em>: Prozkoumejte nuance konverzace v r\u016fzn\u00fdch jazyc\u00edch, navazov\u00e1n\u00ed kontakt\u016f s lidmi z r\u016fzn\u00fdch prost\u0159ed\u00ed a p\u0159ij\u00edm\u00e1n\u00ed multikulturn\u00edch zku\u0161enost\u00ed.<\/li>\n<\/ul>\n<p>&nbsp;<\/p>\n<p><strong>Va\u0161e cesta za\u010d\u00edn\u00e1 zde<\/strong><\/p>\n<p>Soukrom\u00ed je v\u00edc ne\u017e jen adres\u00e1\u0159; je to va\u0161e br\u00e1na do sv\u011bta vzru\u0161en\u00ed, spojen\u00ed a zkoum\u00e1n\u00ed. Zveme v\u00e1s, abyste se pono\u0159ili do na\u0161eho rozs\u00e1hl\u00e9ho v\u00fdb\u011bru \u017eiv\u00fdch p\u0159enos\u016f, prozkoumali na\u0161e neoceniteln\u00e9 zdroje a vydali se na cestu sebeobjevov\u00e1n\u00ed a spojen\u00ed jako nikdy p\u0159edt\u00edm.<\/p>\n<p>&nbsp;<\/p>\n<p><strong>P\u0159ipojte se ke komunit\u011b ochrany osobn\u00edch \u00fadaj\u016f je\u0161t\u011b dnes<\/strong><\/p>\n<p>Soukrom\u00ed je v\u00e1\u0161 d\u016fv\u011bryhodn\u00fd spole\u010dn\u00edk ve sv\u011bt\u011b \u017eiv\u00fdch p\u0159enos\u016f pro dosp\u011bl\u00e9. Za\u010dn\u011bte sv\u00e9 dobrodru\u017estv\u00ed je\u0161t\u011b dnes, spojte se s fascinuj\u00edc\u00edmi jednotlivci po cel\u00e9m sv\u011bt\u011b a odemkn\u011bte sv\u011bt mo\u017enost\u00ed p\u0159\u00edmo na dosah ruky. Va\u0161e soukrom\u00ed je pro n\u00e1s d\u016fle\u017eit\u00e9 a my jsme tu, abychom zajistili, \u017ee budete m\u00edt zabezpe\u010den\u00fd a napl\u0148uj\u00edc\u00ed online z\u00e1\u017eitek.<\/p>","protected":false},"excerpt":{"rendered":"<p>V\u00edtejte v Soukrom\u00ed, va\u0161\u00ed jedin\u00e9 c\u00edlov\u00e9 destinaci pro nejlep\u0161\u00ed v\u00fdb\u011br v\u00edcejazy\u010dn\u00e9ho \u017eiv\u00e9ho streamovan\u00e9ho videa<\/p>","protected":false},"author":1,"featured_media":0,"parent":0,"menu_order":0,"comment_status":"closed","ping_status":"closed","template":"","meta":{"footnotes":""},"class_list":["post-42","page","type-page","status-publish","hentry"],"yoast_head":"<!-- This site is optimized with the Yoast SEO plugin v20.13 - https:\/\/yoast.com\/wordpress\/plugins\/seo\/ -->\n<title>Privacy -<\/title>\n<meta name=\"robots\" content=\"index, follow, max-snippet:-1, max-image-preview:large, max-video-preview:-1\" \/>\n<link rel=\"canonical\" href=\"https:\/\/vcerc.org\/cs\/duveryhodnost\/\" \/>\n<meta property=\"og:locale\" content=\"cs_CZ\" \/>\n<meta property=\"og:type\" content=\"article\" \/>\n<meta property=\"og:title\" content=\"Privacy -\" \/>\n<meta property=\"og:description\" content=\"Welcome to Privacy, your one-stop destination for the finest selection of multilingual live stream video\" \/>\n<meta property=\"og:url\" content=\"https:\/\/vcerc.org\/cs\/duveryhodnost\/\" \/>\n<meta property=\"article:modified_time\" content=\"2023-09-25T12:16:57+00:00\" \/>\n<meta name=\"twitter:card\" content=\"summary_large_image\" \/>\n<meta name=\"twitter:label1\" content=\"Odhadovan\u00e1 doba \u010dten\u00ed\" \/>\n\t<meta name=\"twitter:data1\" content=\"2 minuty\" \/>\n<script type=\"application\/ld+json\" class=\"yoast-schema-graph\">{\"@context\":\"https:\/\/schema.org\",\"@graph\":[{\"@type\":\"WebPage\",\"@id\":\"https:\/\/vcerc.org\/konfidenczialnost\/\",\"url\":\"https:\/\/vcerc.org\/konfidenczialnost\/\",\"name\":\"Privacy -\",\"isPartOf\":{\"@id\":\"https:\/\/vcerc.org\/#website\"},\"datePublished\":\"2023-08-08T16:56:50+00:00\",\"dateModified\":\"2023-09-25T12:16:57+00:00\",\"breadcrumb\":{\"@id\":\"https:\/\/vcerc.org\/konfidenczialnost\/#breadcrumb\"},\"inLanguage\":\"cs\",\"potentialAction\":[{\"@type\":\"ReadAction\",\"target\":[\"https:\/\/vcerc.org\/konfidenczialnost\/\"]}]},{\"@type\":\"BreadcrumbList\",\"@id\":\"https:\/\/vcerc.org\/konfidenczialnost\/#breadcrumb\",\"itemListElement\":[{\"@type\":\"ListItem\",\"position\":1,\"name\":\"\u0413\u043b\u0430\u0432\u043d\u0430\u044f \u0441\u0442\u0440\u0430\u043d\u0438\u0446\u0430\",\"item\":\"https:\/\/vcerc.org\/\"},{\"@type\":\"ListItem\",\"position\":2,\"name\":\"Privacy\"}]},{\"@type\":\"WebSite\",\"@id\":\"https:\/\/vcerc.org\/#website\",\"url\":\"https:\/\/vcerc.org\/\",\"name\":\"\",\"description\":\"Ultimate Multilingual Catalog of the Hottest Video Chats for Adults \u2013 Your XXX Portal to the  Sex erotic streams: Best Porn Video Chats \",\"potentialAction\":[{\"@type\":\"SearchAction\",\"target\":{\"@type\":\"EntryPoint\",\"urlTemplate\":\"https:\/\/vcerc.org\/?s={search_term_string}\"},\"query-input\":\"required name=search_term_string\"}],\"inLanguage\":\"cs\"}]}<\/script>\n<!-- \/ Yoast SEO plugin. -->","yoast_head_json":{"title":"Privacy -","robots":{"index":"index","follow":"follow","max-snippet":"max-snippet:-1","max-image-preview":"max-image-preview:large","max-video-preview":"max-video-preview:-1"},"canonical":"https:\/\/vcerc.org\/cs\/duveryhodnost\/","og_locale":"cs_CZ","og_type":"article","og_title":"Privacy -","og_description":"Welcome to Privacy, your one-stop destination for the finest selection of multilingual live stream video","og_url":"https:\/\/vcerc.org\/cs\/duveryhodnost\/","article_modified_time":"2023-09-25T12:16:57+00:00","twitter_card":"summary_large_image","twitter_misc":{"Odhadovan\u00e1 doba \u010dten\u00ed":"2 minuty"},"schema":{"@context":"https:\/\/schema.org","@graph":[{"@type":"WebPage","@id":"https:\/\/vcerc.org\/konfidenczialnost\/","url":"https:\/\/vcerc.org\/konfidenczialnost\/","name":"Privacy -","isPartOf":{"@id":"https:\/\/vcerc.org\/#website"},"datePublished":"2023-08-08T16:56:50+00:00","dateModified":"2023-09-25T12:16:57+00:00","breadcrumb":{"@id":"https:\/\/vcerc.org\/konfidenczialnost\/#breadcrumb"},"inLanguage":"cs","potentialAction":[{"@type":"ReadAction","target":["https:\/\/vcerc.org\/konfidenczialnost\/"]}]},{"@type":"BreadcrumbList","@id":"https:\/\/vcerc.org\/konfidenczialnost\/#breadcrumb","itemListElement":[{"@type":"ListItem","position":1,"name":"\u0413\u043b\u0430\u0432\u043d\u0430\u044f \u0441\u0442\u0440\u0430\u043d\u0438\u0446\u0430","item":"https:\/\/vcerc.org\/"},{"@type":"ListItem","position":2,"name":"Privacy"}]},{"@type":"WebSite","@id":"https:\/\/vcerc.org\/#website","url":"https:\/\/vcerc.org\/","name":"","description":"Ultimate Multilingual Catalog of the Hottest Video Chats for Adults \u2013 Your XXX Portal to the  Sex erotic streams: Best Porn Video Chats ","potentialAction":[{"@type":"SearchAction","target":{"@type":"EntryPoint","urlTemplate":"https:\/\/vcerc.org\/?s={search_term_string}"},"query-input":"required name=search_term_string"}],"inLanguage":"cs"}]}},"_links":{"self":[{"href":"https:\/\/vcerc.org\/cs\/wp-json\/wp\/v2\/pages\/42","targetHints":{"allow":["GET"]}}],"collection":[{"href":"https:\/\/vcerc.org\/cs\/wp-json\/wp\/v2\/pages"}],"about":[{"href":"https:\/\/vcerc.org\/cs\/wp-json\/wp\/v2\/types\/page"}],"author":[{"embeddable":true,"href":"https:\/\/vcerc.org\/cs\/wp-json\/wp\/v2\/users\/1"}],"replies":[{"embeddable":true,"href":"https:\/\/vcerc.org\/cs\/wp-json\/wp\/v2\/comments?post=42"}],"version-history":[{"count":2,"href":"https:\/\/vcerc.org\/cs\/wp-json\/wp\/v2\/pages\/42\/revisions"}],"predecessor-version":[{"id":195,"href":"https:\/\/vcerc.org\/cs\/wp-json\/wp\/v2\/pages\/42\/revisions\/195"}],"wp:attachment":[{"href":"https:\/\/vcerc.org\/cs\/wp-json\/wp\/v2\/media?parent=42"}],"curies":[{"name":"wp","href":"https:\/\/api.w.org\/{rel}","templated":true}]}}