{"id":42,"date":"2023-08-08T16:56:50","date_gmt":"2023-08-08T16:56:50","guid":{"rendered":"https:\/\/defiscalisant.com\/?page_id=42"},"modified":"2023-09-25T12:16:57","modified_gmt":"2023-09-25T12:16:57","slug":"konfidenczialnost","status":"publish","type":"page","link":"https:\/\/vcerc.org\/fr\/confidentialite\/","title":{"rendered":"Confidentialit\u00e9"},"content":{"rendered":"<p>Bienvenue dans Privacy, votre destination unique pour la meilleure s\u00e9lection de plateformes de chat vid\u00e9o en direct multilingues adapt\u00e9es au public adulte. Chez Privacy, nous comprenons l&#039;importance de vos exp\u00e9riences en ligne et nous nous effor\u00e7ons de fournir un environnement s\u00e9curis\u00e9, agr\u00e9able et enrichissant \u00e0 tous les utilisateurs.<\/p>\n<p>&nbsp;<\/p>\n<p><strong>D\u00e9couvrez le meilleur des diffusions en direct<\/strong><\/p>\n<p>Recherchez-vous un moyen immersif et interactif de vous connecter avec des personnes partageant les m\u00eames id\u00e9es partout dans le monde\u00a0? Cherchez pas plus loin. Privacy propose un vaste catalogue des plateformes de chat vid\u00e9o en direct les plus populaires, chacune offrant une exp\u00e9rience unique et passionnante. Notre plateforme est soigneusement organis\u00e9e pour garantir que vous ayez acc\u00e8s au meilleur du meilleur, avec des options dans plusieurs langues pour r\u00e9pondre \u00e0 vos pr\u00e9f\u00e9rences.<\/p>\n<p><strong>Un monde d&#039;opportunit\u00e9s vous attend<\/strong><\/p>\n<p>Chez Privacy, nous pensons que les interactions entre adultes doivent \u00eatre passionnantes, s\u00fbres et agr\u00e9ables. C&#039;est pourquoi nous proposons une multitude de ressources, de conseils et de recommandations pr\u00e9cieux li\u00e9s \u00e0 la communication par webcam, aux rencontres de nouvelles personnes, et bien plus encore. Notre mission est d&#039;am\u00e9liorer votre exp\u00e9rience en ligne en vous offrant des conseils d&#039;experts et des conseils pratiques qui vous permettent de tirer le meilleur parti de votre temps sur les plateformes de chat vid\u00e9o en direct.<\/p>\n<p>&nbsp;<\/p>\n<p><strong>Explorez notre riche r\u00e9f\u00e9rentiel de connaissances<\/strong><\/p>\n<ul>\n<li><em>La s\u00e9curit\u00e9 d&#039;abord<\/em>: Nous accordons la priorit\u00e9 \u00e0 votre vie priv\u00e9e et \u00e0 votre s\u00e9curit\u00e9, en vous fournissant des conseils sur le maintien de l&#039;anonymat et la fixation de limites tout en profitant des diffusions en direct.<\/li>\n<li><em>Se connecter en toute confiance<\/em>: D\u00e9couvrez des conseils pour \u00e9tablir de v\u00e9ritables liens avec d&#039;autres utilisateurs, favoriser des relations significatives et profiter de conversations m\u00e9morables.<\/li>\n<li><em>Naviguer dans le monde des diffusions en direct<\/em>: Que vous soyez novice ou utilisateur exp\u00e9riment\u00e9, Privacy propose des guides complets pour vous aider \u00e0 tirer le meilleur parti de votre temps sur les plateformes de chat vid\u00e9o.<\/li>\n<li><em>Ma\u00eetrise multilingue<\/em>: Explorez les nuances de la conversation dans diff\u00e9rentes langues, \u00e9tablissez des liens avec des personnes d&#039;horizons divers et vivez des exp\u00e9riences multiculturelles.<\/li>\n<\/ul>\n<p>&nbsp;<\/p>\n<p><strong>Votre voyage commence ici<\/strong><\/p>\n<p>La confidentialit\u00e9 est plus qu\u2019un simple r\u00e9pertoire\u00a0; c&#039;est votre passerelle vers un monde d&#039;excitation, de connexion et d&#039;exploration. Nous vous invitons \u00e0 vous immerger dans notre vaste s\u00e9lection de diffusions en direct, \u00e0 explorer nos pr\u00e9cieuses ressources et \u00e0 vous lancer dans un voyage de d\u00e9couverte de soi et de connexion comme jamais auparavant.<\/p>\n<p>&nbsp;<\/p>\n<p><strong>Rejoignez la communaut\u00e9 de confidentialit\u00e9 aujourd&#039;hui<\/strong><\/p>\n<p>La confidentialit\u00e9 est votre compagnon de confiance dans le monde des diffusions en direct pour adultes. Commencez votre aventure aujourd&#039;hui, connectez-vous avec des personnes fascinantes du monde entier et d\u00e9bloquez un monde de possibilit\u00e9s \u00e0 port\u00e9e de main. Votre vie priv\u00e9e nous tient \u00e0 c\u0153ur et nous sommes l\u00e0 pour garantir que vous b\u00e9n\u00e9ficiez d&#039;une exp\u00e9rience en ligne s\u00e9curis\u00e9e et enrichissante.<\/p>","protected":false},"excerpt":{"rendered":"<p>Bienvenue sur Privacy, votre destination unique pour la meilleure s\u00e9lection de vid\u00e9os multilingues en direct<\/p>","protected":false},"author":1,"featured_media":0,"parent":0,"menu_order":0,"comment_status":"closed","ping_status":"closed","template":"","meta":{"footnotes":""},"class_list":["post-42","page","type-page","status-publish","hentry"],"yoast_head":"<!-- This site is optimized with the Yoast SEO plugin v20.13 - https:\/\/yoast.com\/wordpress\/plugins\/seo\/ -->\n<title>Privacy -<\/title>\n<meta name=\"robots\" content=\"index, follow, max-snippet:-1, max-image-preview:large, max-video-preview:-1\" \/>\n<link rel=\"canonical\" href=\"https:\/\/vcerc.org\/fr\/confidentialite\/\" \/>\n<meta property=\"og:locale\" content=\"fr_FR\" \/>\n<meta property=\"og:type\" content=\"article\" \/>\n<meta property=\"og:title\" content=\"Privacy -\" \/>\n<meta property=\"og:description\" content=\"Welcome to Privacy, your one-stop destination for the finest selection of multilingual live stream video\" \/>\n<meta property=\"og:url\" content=\"https:\/\/vcerc.org\/fr\/confidentialite\/\" \/>\n<meta property=\"article:modified_time\" content=\"2023-09-25T12:16:57+00:00\" \/>\n<meta name=\"twitter:card\" content=\"summary_large_image\" \/>\n<meta name=\"twitter:label1\" content=\"Dur\u00e9e de lecture estim\u00e9e\" \/>\n\t<meta name=\"twitter:data1\" content=\"2 minutes\" \/>\n<script type=\"application\/ld+json\" class=\"yoast-schema-graph\">{\"@context\":\"https:\/\/schema.org\",\"@graph\":[{\"@type\":\"WebPage\",\"@id\":\"https:\/\/vcerc.org\/konfidenczialnost\/\",\"url\":\"https:\/\/vcerc.org\/konfidenczialnost\/\",\"name\":\"Privacy -\",\"isPartOf\":{\"@id\":\"https:\/\/vcerc.org\/#website\"},\"datePublished\":\"2023-08-08T16:56:50+00:00\",\"dateModified\":\"2023-09-25T12:16:57+00:00\",\"breadcrumb\":{\"@id\":\"https:\/\/vcerc.org\/konfidenczialnost\/#breadcrumb\"},\"inLanguage\":\"fr-FR\",\"potentialAction\":[{\"@type\":\"ReadAction\",\"target\":[\"https:\/\/vcerc.org\/konfidenczialnost\/\"]}]},{\"@type\":\"BreadcrumbList\",\"@id\":\"https:\/\/vcerc.org\/konfidenczialnost\/#breadcrumb\",\"itemListElement\":[{\"@type\":\"ListItem\",\"position\":1,\"name\":\"\u0413\u043b\u0430\u0432\u043d\u0430\u044f \u0441\u0442\u0440\u0430\u043d\u0438\u0446\u0430\",\"item\":\"https:\/\/vcerc.org\/\"},{\"@type\":\"ListItem\",\"position\":2,\"name\":\"Privacy\"}]},{\"@type\":\"WebSite\",\"@id\":\"https:\/\/vcerc.org\/#website\",\"url\":\"https:\/\/vcerc.org\/\",\"name\":\"\",\"description\":\"Ultimate Multilingual Catalog of the Hottest Video Chats for Adults \u2013 Your XXX Portal to the  Sex erotic streams: Best Porn Video Chats \",\"potentialAction\":[{\"@type\":\"SearchAction\",\"target\":{\"@type\":\"EntryPoint\",\"urlTemplate\":\"https:\/\/vcerc.org\/?s={search_term_string}\"},\"query-input\":\"required name=search_term_string\"}],\"inLanguage\":\"fr-FR\"}]}<\/script>\n<!-- \/ Yoast SEO plugin. -->","yoast_head_json":{"title":"Privacy -","robots":{"index":"index","follow":"follow","max-snippet":"max-snippet:-1","max-image-preview":"max-image-preview:large","max-video-preview":"max-video-preview:-1"},"canonical":"https:\/\/vcerc.org\/fr\/confidentialite\/","og_locale":"fr_FR","og_type":"article","og_title":"Privacy -","og_description":"Welcome to Privacy, your one-stop destination for the finest selection of multilingual live stream video","og_url":"https:\/\/vcerc.org\/fr\/confidentialite\/","article_modified_time":"2023-09-25T12:16:57+00:00","twitter_card":"summary_large_image","twitter_misc":{"Dur\u00e9e de lecture estim\u00e9e":"2 minutes"},"schema":{"@context":"https:\/\/schema.org","@graph":[{"@type":"WebPage","@id":"https:\/\/vcerc.org\/konfidenczialnost\/","url":"https:\/\/vcerc.org\/konfidenczialnost\/","name":"Privacy -","isPartOf":{"@id":"https:\/\/vcerc.org\/#website"},"datePublished":"2023-08-08T16:56:50+00:00","dateModified":"2023-09-25T12:16:57+00:00","breadcrumb":{"@id":"https:\/\/vcerc.org\/konfidenczialnost\/#breadcrumb"},"inLanguage":"fr-FR","potentialAction":[{"@type":"ReadAction","target":["https:\/\/vcerc.org\/konfidenczialnost\/"]}]},{"@type":"BreadcrumbList","@id":"https:\/\/vcerc.org\/konfidenczialnost\/#breadcrumb","itemListElement":[{"@type":"ListItem","position":1,"name":"\u0413\u043b\u0430\u0432\u043d\u0430\u044f \u0441\u0442\u0440\u0430\u043d\u0438\u0446\u0430","item":"https:\/\/vcerc.org\/"},{"@type":"ListItem","position":2,"name":"Privacy"}]},{"@type":"WebSite","@id":"https:\/\/vcerc.org\/#website","url":"https:\/\/vcerc.org\/","name":"","description":"Ultimate Multilingual Catalog of the Hottest Video Chats for Adults \u2013 Your XXX Portal to the  Sex erotic streams: Best Porn Video Chats ","potentialAction":[{"@type":"SearchAction","target":{"@type":"EntryPoint","urlTemplate":"https:\/\/vcerc.org\/?s={search_term_string}"},"query-input":"required name=search_term_string"}],"inLanguage":"fr-FR"}]}},"_links":{"self":[{"href":"https:\/\/vcerc.org\/fr\/wp-json\/wp\/v2\/pages\/42","targetHints":{"allow":["GET"]}}],"collection":[{"href":"https:\/\/vcerc.org\/fr\/wp-json\/wp\/v2\/pages"}],"about":[{"href":"https:\/\/vcerc.org\/fr\/wp-json\/wp\/v2\/types\/page"}],"author":[{"embeddable":true,"href":"https:\/\/vcerc.org\/fr\/wp-json\/wp\/v2\/users\/1"}],"replies":[{"embeddable":true,"href":"https:\/\/vcerc.org\/fr\/wp-json\/wp\/v2\/comments?post=42"}],"version-history":[{"count":2,"href":"https:\/\/vcerc.org\/fr\/wp-json\/wp\/v2\/pages\/42\/revisions"}],"predecessor-version":[{"id":195,"href":"https:\/\/vcerc.org\/fr\/wp-json\/wp\/v2\/pages\/42\/revisions\/195"}],"wp:attachment":[{"href":"https:\/\/vcerc.org\/fr\/wp-json\/wp\/v2\/media?parent=42"}],"curies":[{"name":"wp","href":"https:\/\/api.w.org\/{rel}","templated":true}]}}