{"id":42,"date":"2023-08-08T16:56:50","date_gmt":"2023-08-08T16:56:50","guid":{"rendered":"https:\/\/defiscalisant.com\/?page_id=42"},"modified":"2023-09-25T12:16:57","modified_gmt":"2023-09-25T12:16:57","slug":"konfidenczialnost","status":"publish","type":"page","link":"https:\/\/vcerc.org\/it\/konfidenczialnost\/","title":{"rendered":"Privacy"},"content":{"rendered":"<p>Benvenuto in Privacy, la tua destinazione unica per la migliore selezione di piattaforme di chat video multilingue in live streaming su misura per il pubblico adulto. Noi di Privacy comprendiamo l&#039;importanza delle tue esperienze online e ci impegniamo a fornire un ambiente sicuro, divertente e arricchente per tutti gli utenti.<\/p>\n<p>&nbsp;<\/p>\n<p><strong>Scopri il meglio dei live streaming<\/strong><\/p>\n<p>Stai cercando un modo coinvolgente e interattivo per connetterti con persone che la pensano allo stesso modo in tutto il mondo? Non guardare oltre. Privacy vanta un ampio catalogo delle pi\u00f9 popolari piattaforme di chat video in live streaming, ognuna delle quali offre un&#039;esperienza unica ed emozionante. La nostra piattaforma \u00e8 attentamente curata per assicurarti l&#039;accesso al meglio del meglio, con opzioni in pi\u00f9 lingue per soddisfare le tue preferenze.<\/p>\n<p><strong>Un mondo di opportunit\u00e0 ti aspetta<\/strong><\/p>\n<p>Noi di Privacy crediamo che le interazioni tra adulti debbano essere entusiasmanti, sicure e divertenti. Ecco perch\u00e9 forniamo una vasta gamma di preziose risorse, consigli e raccomandazioni relativi alla comunicazione tramite webcam, all&#039;incontro con nuove persone e altro ancora. La nostra missione \u00e8 migliorare la tua esperienza online offrendo approfondimenti di esperti e suggerimenti pratici che ti consentono di sfruttare al massimo il tuo tempo sulle piattaforme di chat video in live streaming.<\/p>\n<p>&nbsp;<\/p>\n<p><strong>Esplora il nostro ricco archivio di conoscenze<\/strong><\/p>\n<ul>\n<li><em>La sicurezza prima<\/em>: diamo priorit\u00e0 alla tua privacy e alla tua sicurezza, fornendo indicazioni su come mantenere l&#039;anonimato e stabilire limiti durante la visione dei live streaming.<\/li>\n<li><em>Connettersi con fiducia<\/em>: scopri suggerimenti su come creare connessioni autentiche con altri utenti, promuovere relazioni significative e intrattenere conversazioni memorabili.<\/li>\n<li><em>Navigare nel mondo dei live streaming<\/em>: Che tu sia un principiante o un utente esperto, Privacy offre guide complete per aiutarti a sfruttare al meglio il tuo tempo sulle piattaforme di chat video.<\/li>\n<li><em>Padronanza multilingue<\/em>: Esplora le sfumature del conversare in varie lingue, creando connessioni con persone provenienti da contesti diversi e abbracciando esperienze multiculturali.<\/li>\n<\/ul>\n<p>&nbsp;<\/p>\n<p><strong>Il tuo viaggio inizia qui<\/strong><\/p>\n<p>La privacy \u00e8 pi\u00f9 di una semplice directory; \u00e8 la tua porta d&#039;accesso a un mondo di eccitazione, connessione ed esplorazione. Ti invitiamo a immergerti nella nostra vasta selezione di live streaming, esplorare le nostre inestimabili risorse e intraprendere un viaggio alla scoperta di te stesso e alla connessione come mai prima d&#039;ora.<\/p>\n<p>&nbsp;<\/p>\n<p><strong>Unisciti alla community sulla privacy oggi stesso<\/strong><\/p>\n<p>La privacy \u00e8 la tua compagna fidata nel mondo dei live streaming per adulti. Inizia oggi la tua avventura, entra in contatto con persone affascinanti in tutto il mondo e sblocca un mondo di possibilit\u00e0 a portata di mano. La tua privacy \u00e8 importante per noi e siamo qui per assicurarti un&#039;esperienza online sicura e appagante.<\/p>","protected":false},"excerpt":{"rendered":"<p>Benvenuto in Privacy, la tua destinazione unica per la migliore selezione di video in live streaming multilingue<\/p>","protected":false},"author":1,"featured_media":0,"parent":0,"menu_order":0,"comment_status":"closed","ping_status":"closed","template":"","meta":{"footnotes":""},"class_list":["post-42","page","type-page","status-publish","hentry"],"yoast_head":"<!-- This site is optimized with the Yoast SEO plugin v20.13 - https:\/\/yoast.com\/wordpress\/plugins\/seo\/ -->\n<title>Privacy -<\/title>\n<meta name=\"robots\" content=\"index, follow, max-snippet:-1, max-image-preview:large, max-video-preview:-1\" \/>\n<link rel=\"canonical\" href=\"https:\/\/vcerc.org\/it\/konfidenczialnost\/\" \/>\n<meta property=\"og:locale\" content=\"it_IT\" \/>\n<meta property=\"og:type\" content=\"article\" \/>\n<meta property=\"og:title\" content=\"Privacy -\" \/>\n<meta property=\"og:description\" content=\"Welcome to Privacy, your one-stop destination for the finest selection of multilingual live stream video\" \/>\n<meta property=\"og:url\" content=\"https:\/\/vcerc.org\/it\/konfidenczialnost\/\" \/>\n<meta property=\"article:modified_time\" content=\"2023-09-25T12:16:57+00:00\" \/>\n<meta name=\"twitter:card\" content=\"summary_large_image\" \/>\n<meta name=\"twitter:label1\" content=\"Tempo di lettura stimato\" \/>\n\t<meta name=\"twitter:data1\" content=\"2 minuti\" \/>\n<script type=\"application\/ld+json\" class=\"yoast-schema-graph\">{\"@context\":\"https:\/\/schema.org\",\"@graph\":[{\"@type\":\"WebPage\",\"@id\":\"https:\/\/vcerc.org\/konfidenczialnost\/\",\"url\":\"https:\/\/vcerc.org\/konfidenczialnost\/\",\"name\":\"Privacy -\",\"isPartOf\":{\"@id\":\"https:\/\/vcerc.org\/#website\"},\"datePublished\":\"2023-08-08T16:56:50+00:00\",\"dateModified\":\"2023-09-25T12:16:57+00:00\",\"breadcrumb\":{\"@id\":\"https:\/\/vcerc.org\/konfidenczialnost\/#breadcrumb\"},\"inLanguage\":\"it-IT\",\"potentialAction\":[{\"@type\":\"ReadAction\",\"target\":[\"https:\/\/vcerc.org\/konfidenczialnost\/\"]}]},{\"@type\":\"BreadcrumbList\",\"@id\":\"https:\/\/vcerc.org\/konfidenczialnost\/#breadcrumb\",\"itemListElement\":[{\"@type\":\"ListItem\",\"position\":1,\"name\":\"\u0413\u043b\u0430\u0432\u043d\u0430\u044f \u0441\u0442\u0440\u0430\u043d\u0438\u0446\u0430\",\"item\":\"https:\/\/vcerc.org\/\"},{\"@type\":\"ListItem\",\"position\":2,\"name\":\"Privacy\"}]},{\"@type\":\"WebSite\",\"@id\":\"https:\/\/vcerc.org\/#website\",\"url\":\"https:\/\/vcerc.org\/\",\"name\":\"\",\"description\":\"Ultimate Multilingual Catalog of the Hottest Video Chats for Adults \u2013 Your XXX Portal to the  Sex erotic streams: Best Porn Video Chats \",\"potentialAction\":[{\"@type\":\"SearchAction\",\"target\":{\"@type\":\"EntryPoint\",\"urlTemplate\":\"https:\/\/vcerc.org\/?s={search_term_string}\"},\"query-input\":\"required name=search_term_string\"}],\"inLanguage\":\"it-IT\"}]}<\/script>\n<!-- \/ Yoast SEO plugin. -->","yoast_head_json":{"title":"Privacy -","robots":{"index":"index","follow":"follow","max-snippet":"max-snippet:-1","max-image-preview":"max-image-preview:large","max-video-preview":"max-video-preview:-1"},"canonical":"https:\/\/vcerc.org\/it\/konfidenczialnost\/","og_locale":"it_IT","og_type":"article","og_title":"Privacy -","og_description":"Welcome to Privacy, your one-stop destination for the finest selection of multilingual live stream video","og_url":"https:\/\/vcerc.org\/it\/konfidenczialnost\/","article_modified_time":"2023-09-25T12:16:57+00:00","twitter_card":"summary_large_image","twitter_misc":{"Tempo di lettura stimato":"2 minuti"},"schema":{"@context":"https:\/\/schema.org","@graph":[{"@type":"WebPage","@id":"https:\/\/vcerc.org\/konfidenczialnost\/","url":"https:\/\/vcerc.org\/konfidenczialnost\/","name":"Privacy -","isPartOf":{"@id":"https:\/\/vcerc.org\/#website"},"datePublished":"2023-08-08T16:56:50+00:00","dateModified":"2023-09-25T12:16:57+00:00","breadcrumb":{"@id":"https:\/\/vcerc.org\/konfidenczialnost\/#breadcrumb"},"inLanguage":"it-IT","potentialAction":[{"@type":"ReadAction","target":["https:\/\/vcerc.org\/konfidenczialnost\/"]}]},{"@type":"BreadcrumbList","@id":"https:\/\/vcerc.org\/konfidenczialnost\/#breadcrumb","itemListElement":[{"@type":"ListItem","position":1,"name":"\u0413\u043b\u0430\u0432\u043d\u0430\u044f \u0441\u0442\u0440\u0430\u043d\u0438\u0446\u0430","item":"https:\/\/vcerc.org\/"},{"@type":"ListItem","position":2,"name":"Privacy"}]},{"@type":"WebSite","@id":"https:\/\/vcerc.org\/#website","url":"https:\/\/vcerc.org\/","name":"","description":"Ultimate Multilingual Catalog of the Hottest Video Chats for Adults \u2013 Your XXX Portal to the  Sex erotic streams: Best Porn Video Chats ","potentialAction":[{"@type":"SearchAction","target":{"@type":"EntryPoint","urlTemplate":"https:\/\/vcerc.org\/?s={search_term_string}"},"query-input":"required name=search_term_string"}],"inLanguage":"it-IT"}]}},"_links":{"self":[{"href":"https:\/\/vcerc.org\/it\/wp-json\/wp\/v2\/pages\/42","targetHints":{"allow":["GET"]}}],"collection":[{"href":"https:\/\/vcerc.org\/it\/wp-json\/wp\/v2\/pages"}],"about":[{"href":"https:\/\/vcerc.org\/it\/wp-json\/wp\/v2\/types\/page"}],"author":[{"embeddable":true,"href":"https:\/\/vcerc.org\/it\/wp-json\/wp\/v2\/users\/1"}],"replies":[{"embeddable":true,"href":"https:\/\/vcerc.org\/it\/wp-json\/wp\/v2\/comments?post=42"}],"version-history":[{"count":2,"href":"https:\/\/vcerc.org\/it\/wp-json\/wp\/v2\/pages\/42\/revisions"}],"predecessor-version":[{"id":195,"href":"https:\/\/vcerc.org\/it\/wp-json\/wp\/v2\/pages\/42\/revisions\/195"}],"wp:attachment":[{"href":"https:\/\/vcerc.org\/it\/wp-json\/wp\/v2\/media?parent=42"}],"curies":[{"name":"wp","href":"https:\/\/api.w.org\/{rel}","templated":true}]}}