{"id":42,"date":"2023-08-08T16:56:50","date_gmt":"2023-08-08T16:56:50","guid":{"rendered":"https:\/\/defiscalisant.com\/?page_id=42"},"modified":"2023-09-25T12:16:57","modified_gmt":"2023-09-25T12:16:57","slug":"konfidenczialnost","status":"publish","type":"page","link":"https:\/\/vcerc.org\/pl\/konfidenczialnost\/","title":{"rendered":"Prywatno\u015b\u0107"},"content":{"rendered":"<p>Witamy w Privacy, miejscu, w kt\u00f3rym znajdziesz najlepszy wyb\u00f3r wieloj\u0119zycznych platform czat\u00f3w wideo na \u017cywo, dostosowanych do potrzeb doros\u0142ych odbiorc\u00f3w. W firmie Privacy rozumiemy znaczenie Twoich do\u015bwiadcze\u0144 online i staramy si\u0119 zapewni\u0107 wszystkim u\u017cytkownikom bezpieczne, przyjemne i wzbogacaj\u0105ce \u015brodowisko.<\/p>\n<p>&nbsp;<\/p>\n<p><strong>Odkryj to, co najlepsze w transmisjach na \u017cywo<\/strong><\/p>\n<p>Szukasz wci\u0105gaj\u0105cego i interaktywnego sposobu na nawi\u0105zanie kontaktu z osobami o podobnych pogl\u0105dach na ca\u0142ym \u015bwiecie? Nie szukaj dalej. Privacy mo\u017ce poszczyci\u0107 si\u0119 obszernym katalogiem najpopularniejszych platform czat\u00f3w wideo na \u017cywo, z kt\u00f3rych ka\u017cda oferuje unikalne i ekscytuj\u0105ce wra\u017cenia. Nasza platforma jest starannie dobierana, aby zapewni\u0107 Ci dost\u0119p do najlepszych z najlepszych, z opcjami w wielu j\u0119zykach, aby zaspokoi\u0107 Twoje preferencje.<\/p>\n<p><strong>Czeka na Ciebie \u015bwiat mo\u017cliwo\u015bci<\/strong><\/p>\n<p>W firmie Privacy wierzymy, \u017ce interakcje z doros\u0142ymi powinny by\u0107 ekscytuj\u0105ce, bezpieczne i przyjemne. Dlatego udost\u0119pniamy mn\u00f3stwo cennych zasob\u00f3w, porad i rekomendacji zwi\u0105zanych z komunikacj\u0105 za pomoc\u0105 kamery internetowej, poznawaniem nowych ludzi i nie tylko. Nasz\u0105 misj\u0105 jest ulepszanie Twoich do\u015bwiadcze\u0144 online poprzez oferowanie eksperckich spostrze\u017ce\u0144 i praktycznych wskaz\u00f3wek, kt\u00f3re pozwol\u0105 Ci maksymalnie wykorzysta\u0107 czas na platformach czat\u00f3w wideo na \u017cywo.<\/p>\n<p>&nbsp;<\/p>\n<p><strong>Poznaj nasze bogate repozytorium wiedzy<\/strong><\/p>\n<ul>\n<li><em>Bezpiecze\u0144stwo przede wszystkim<\/em>: priorytetowo traktujemy Twoj\u0105 prywatno\u015b\u0107 i bezpiecze\u0144stwo, zapewniaj\u0105c wskaz\u00f3wki dotycz\u0105ce zachowania anonimowo\u015bci i wyznaczania granic podczas ogl\u0105dania transmisji na \u017cywo.<\/li>\n<li><em>\u0141\u0105czenie z pewno\u015bci\u0105<\/em>: odkryj wskaz\u00f3wki dotycz\u0105ce budowania prawdziwych relacji z innymi u\u017cytkownikami, rozwijania znacz\u0105cych relacji i cieszenia si\u0119 niezapomnianymi rozmowami.<\/li>\n<li><em>Poruszanie si\u0119 po \u015bwiecie transmisji na \u017cywo<\/em>: Niezale\u017cnie od tego, czy jeste\u015b nowicjuszem, czy do\u015bwiadczonym u\u017cytkownikiem, w aplikacji Privacy znajdziesz kompleksowe przewodniki, kt\u00f3re pomog\u0105 Ci w pe\u0142ni wykorzysta\u0107 czas na platformach czat\u00f3w wideo.<\/li>\n<li><em>Mistrzostwo wieloj\u0119zyczno\u015bci<\/em>: Poznaj niuanse rozm\u00f3w w r\u00f3\u017cnych j\u0119zykach, nawi\u0105zywania kontakt\u00f3w z lud\u017ami z r\u00f3\u017cnych \u015brodowisk i korzystania z wielokulturowych do\u015bwiadcze\u0144.<\/li>\n<\/ul>\n<p>&nbsp;<\/p>\n<p><strong>Twoja podr\u00f3\u017c zaczyna si\u0119 tutaj<\/strong><\/p>\n<p>Prywatno\u015b\u0107 to co\u015b wi\u0119cej ni\u017c tylko katalog; to Twoja brama do \u015bwiata emocji, po\u0142\u0105cze\u0144 i eksploracji. Zapraszamy Ci\u0119 do zapoznania si\u0119 z nasz\u0105 bogat\u0105 ofert\u0105 transmisji na \u017cywo, poznania naszych bezcennych zasob\u00f3w i wyruszenia w podr\u00f3\u017c pe\u0142n\u0105 samopoznania i po\u0142\u0105czenia, jak nigdy dot\u0105d.<\/p>\n<p>&nbsp;<\/p>\n<p><strong>Do\u0142\u0105cz do spo\u0142eczno\u015bci zajmuj\u0105cej si\u0119 ochron\u0105 prywatno\u015bci ju\u017c dzi\u015b<\/strong><\/p>\n<p>Prywatno\u015b\u0107 jest Twoim zaufanym towarzyszem w \u015bwiecie transmisji na \u017cywo dla doros\u0142ych. Rozpocznij swoj\u0105 przygod\u0119 ju\u017c dzi\u015b, nawi\u0105\u017c kontakt z fascynuj\u0105cymi osobami na ca\u0142ym \u015bwiecie i odblokuj \u015bwiat mo\u017cliwo\u015bci na wyci\u0105gni\u0119cie r\u0119ki. Twoja prywatno\u015b\u0107 jest dla nas wa\u017cna i jeste\u015bmy tutaj, aby zapewni\u0107 Ci bezpieczne i satysfakcjonuj\u0105ce korzystanie z Internetu.<\/p>","protected":false},"excerpt":{"rendered":"<p>Witamy w Privacy, miejscu, w kt\u00f3rym znajdziesz najlepszy wyb\u00f3r wieloj\u0119zycznych transmisji wideo na \u017cywo<\/p>","protected":false},"author":1,"featured_media":0,"parent":0,"menu_order":0,"comment_status":"closed","ping_status":"closed","template":"","meta":{"footnotes":""},"class_list":["post-42","page","type-page","status-publish","hentry"],"yoast_head":"<!-- This site is optimized with the Yoast SEO plugin v20.13 - https:\/\/yoast.com\/wordpress\/plugins\/seo\/ -->\n<title>Privacy -<\/title>\n<meta name=\"robots\" content=\"index, follow, max-snippet:-1, max-image-preview:large, max-video-preview:-1\" \/>\n<link rel=\"canonical\" href=\"https:\/\/vcerc.org\/pl\/konfidenczialnost\/\" \/>\n<meta property=\"og:locale\" content=\"pl_PL\" \/>\n<meta property=\"og:type\" content=\"article\" \/>\n<meta property=\"og:title\" content=\"Privacy -\" \/>\n<meta property=\"og:description\" content=\"Welcome to Privacy, your one-stop destination for the finest selection of multilingual live stream video\" \/>\n<meta property=\"og:url\" content=\"https:\/\/vcerc.org\/pl\/konfidenczialnost\/\" \/>\n<meta property=\"article:modified_time\" content=\"2023-09-25T12:16:57+00:00\" \/>\n<meta name=\"twitter:card\" content=\"summary_large_image\" \/>\n<meta name=\"twitter:label1\" content=\"Szacowany czas czytania\" \/>\n\t<meta name=\"twitter:data1\" content=\"2 minuty\" \/>\n<script type=\"application\/ld+json\" class=\"yoast-schema-graph\">{\"@context\":\"https:\/\/schema.org\",\"@graph\":[{\"@type\":\"WebPage\",\"@id\":\"https:\/\/vcerc.org\/konfidenczialnost\/\",\"url\":\"https:\/\/vcerc.org\/konfidenczialnost\/\",\"name\":\"Privacy -\",\"isPartOf\":{\"@id\":\"https:\/\/vcerc.org\/#website\"},\"datePublished\":\"2023-08-08T16:56:50+00:00\",\"dateModified\":\"2023-09-25T12:16:57+00:00\",\"breadcrumb\":{\"@id\":\"https:\/\/vcerc.org\/konfidenczialnost\/#breadcrumb\"},\"inLanguage\":\"pl-PL\",\"potentialAction\":[{\"@type\":\"ReadAction\",\"target\":[\"https:\/\/vcerc.org\/konfidenczialnost\/\"]}]},{\"@type\":\"BreadcrumbList\",\"@id\":\"https:\/\/vcerc.org\/konfidenczialnost\/#breadcrumb\",\"itemListElement\":[{\"@type\":\"ListItem\",\"position\":1,\"name\":\"\u0413\u043b\u0430\u0432\u043d\u0430\u044f \u0441\u0442\u0440\u0430\u043d\u0438\u0446\u0430\",\"item\":\"https:\/\/vcerc.org\/\"},{\"@type\":\"ListItem\",\"position\":2,\"name\":\"Privacy\"}]},{\"@type\":\"WebSite\",\"@id\":\"https:\/\/vcerc.org\/#website\",\"url\":\"https:\/\/vcerc.org\/\",\"name\":\"\",\"description\":\"Ultimate Multilingual Catalog of the Hottest Video Chats for Adults \u2013 Your XXX Portal to the  Sex erotic streams: Best Porn Video Chats \",\"potentialAction\":[{\"@type\":\"SearchAction\",\"target\":{\"@type\":\"EntryPoint\",\"urlTemplate\":\"https:\/\/vcerc.org\/?s={search_term_string}\"},\"query-input\":\"required name=search_term_string\"}],\"inLanguage\":\"pl-PL\"}]}<\/script>\n<!-- \/ Yoast SEO plugin. -->","yoast_head_json":{"title":"Privacy -","robots":{"index":"index","follow":"follow","max-snippet":"max-snippet:-1","max-image-preview":"max-image-preview:large","max-video-preview":"max-video-preview:-1"},"canonical":"https:\/\/vcerc.org\/pl\/konfidenczialnost\/","og_locale":"pl_PL","og_type":"article","og_title":"Privacy -","og_description":"Welcome to Privacy, your one-stop destination for the finest selection of multilingual live stream video","og_url":"https:\/\/vcerc.org\/pl\/konfidenczialnost\/","article_modified_time":"2023-09-25T12:16:57+00:00","twitter_card":"summary_large_image","twitter_misc":{"Szacowany czas czytania":"2 minuty"},"schema":{"@context":"https:\/\/schema.org","@graph":[{"@type":"WebPage","@id":"https:\/\/vcerc.org\/konfidenczialnost\/","url":"https:\/\/vcerc.org\/konfidenczialnost\/","name":"Privacy -","isPartOf":{"@id":"https:\/\/vcerc.org\/#website"},"datePublished":"2023-08-08T16:56:50+00:00","dateModified":"2023-09-25T12:16:57+00:00","breadcrumb":{"@id":"https:\/\/vcerc.org\/konfidenczialnost\/#breadcrumb"},"inLanguage":"pl-PL","potentialAction":[{"@type":"ReadAction","target":["https:\/\/vcerc.org\/konfidenczialnost\/"]}]},{"@type":"BreadcrumbList","@id":"https:\/\/vcerc.org\/konfidenczialnost\/#breadcrumb","itemListElement":[{"@type":"ListItem","position":1,"name":"\u0413\u043b\u0430\u0432\u043d\u0430\u044f \u0441\u0442\u0440\u0430\u043d\u0438\u0446\u0430","item":"https:\/\/vcerc.org\/"},{"@type":"ListItem","position":2,"name":"Privacy"}]},{"@type":"WebSite","@id":"https:\/\/vcerc.org\/#website","url":"https:\/\/vcerc.org\/","name":"","description":"Ultimate Multilingual Catalog of the Hottest Video Chats for Adults \u2013 Your XXX Portal to the  Sex erotic streams: Best Porn Video Chats ","potentialAction":[{"@type":"SearchAction","target":{"@type":"EntryPoint","urlTemplate":"https:\/\/vcerc.org\/?s={search_term_string}"},"query-input":"required name=search_term_string"}],"inLanguage":"pl-PL"}]}},"_links":{"self":[{"href":"https:\/\/vcerc.org\/pl\/wp-json\/wp\/v2\/pages\/42","targetHints":{"allow":["GET"]}}],"collection":[{"href":"https:\/\/vcerc.org\/pl\/wp-json\/wp\/v2\/pages"}],"about":[{"href":"https:\/\/vcerc.org\/pl\/wp-json\/wp\/v2\/types\/page"}],"author":[{"embeddable":true,"href":"https:\/\/vcerc.org\/pl\/wp-json\/wp\/v2\/users\/1"}],"replies":[{"embeddable":true,"href":"https:\/\/vcerc.org\/pl\/wp-json\/wp\/v2\/comments?post=42"}],"version-history":[{"count":2,"href":"https:\/\/vcerc.org\/pl\/wp-json\/wp\/v2\/pages\/42\/revisions"}],"predecessor-version":[{"id":195,"href":"https:\/\/vcerc.org\/pl\/wp-json\/wp\/v2\/pages\/42\/revisions\/195"}],"wp:attachment":[{"href":"https:\/\/vcerc.org\/pl\/wp-json\/wp\/v2\/media?parent=42"}],"curies":[{"name":"wp","href":"https:\/\/api.w.org\/{rel}","templated":true}]}}