{"id":42,"date":"2023-08-08T16:56:50","date_gmt":"2023-08-08T16:56:50","guid":{"rendered":"https:\/\/defiscalisant.com\/?page_id=42"},"modified":"2023-09-25T12:16:57","modified_gmt":"2023-09-25T12:16:57","slug":"konfidenczialnost","status":"publish","type":"page","link":"https:\/\/vcerc.org\/tr\/konfidenczialnost\/","title":{"rendered":"Mahremiyet"},"content":{"rendered":"<p>Yeti\u015fkin izleyiciler i\u00e7in \u00f6zel olarak tasarlanm\u0131\u015f \u00e7ok dilli canl\u0131 yay\u0131n g\u00f6r\u00fcnt\u00fcl\u00fc sohbet platformlar\u0131n\u0131n en iyi se\u00e7imi i\u00e7in tek adresiniz olan Gizlilik&#039;e ho\u015f geldiniz. Gizlilik olarak, \u00e7evrimi\u00e7i deneyimlerinizin \u00f6nemini anl\u0131yoruz ve t\u00fcm kullan\u0131c\u0131lar i\u00e7in g\u00fcvenli, keyifli ve zenginle\u015ftirici bir ortam sa\u011flamaya \u00e7al\u0131\u015f\u0131yoruz.<\/p>\n<p>&nbsp;<\/p>\n<p><strong>Canl\u0131 Yay\u0131nlar\u0131n En \u0130yisini Ke\u015ffedin<\/strong><\/p>\n<p>D\u00fcnya \u00e7ap\u0131nda benzer d\u00fc\u015f\u00fcncelere sahip ki\u015filerle ba\u011flant\u0131 kurman\u0131n s\u00fcr\u00fckleyici ve etkile\u015fimli bir yolunu mu ar\u0131yorsunuz? Ba\u015fka yerde arama. Privacy, her biri benzersiz ve heyecan verici bir deneyim sunan, en pop\u00fcler canl\u0131 yay\u0131n g\u00f6r\u00fcnt\u00fcl\u00fc sohbet platformlar\u0131ndan olu\u015fan kapsaml\u0131 bir katalo\u011fa sahiptir. Platformumuz, tercihlerinizi kar\u015f\u0131lamak i\u00e7in birden fazla dildeki se\u00e7eneklerle, en iyinin en iyisine eri\u015fmenizi sa\u011flamak i\u00e7in \u00f6zenle se\u00e7ilmi\u015ftir.<\/p>\n<p><strong>F\u0131rsatlarla dolu bir d\u00fcnya sizi bekliyor<\/strong><\/p>\n<p>Gizlilik olarak yeti\u015fkinlere y\u00f6nelik etkile\u015fimlerin heyecan verici, g\u00fcvenli ve keyifli olmas\u0131 gerekti\u011fine inan\u0131yoruz. Bu nedenle web kameras\u0131 ileti\u015fimi, yeni insanlarla tan\u0131\u015fma ve daha fazlas\u0131yla ilgili \u00e7ok say\u0131da de\u011ferli kaynak, tavsiye ve \u00f6neri sunuyoruz. Misyonumuz, canl\u0131 yay\u0131n g\u00f6r\u00fcnt\u00fcl\u00fc sohbet platformlar\u0131nda zaman\u0131n\u0131z\u0131 en iyi \u015fekilde de\u011ferlendirmenizi sa\u011flayacak uzman g\u00f6r\u00fc\u015fleri ve pratik ipu\u00e7lar\u0131 sunarak \u00e7evrimi\u00e7i deneyiminizi geli\u015ftirmektir.<\/p>\n<p>&nbsp;<\/p>\n<p><strong>Zengin Bilgi Havuzumuzu Ke\u015ffedin<\/strong><\/p>\n<ul>\n<li><em>\u00d6nce g\u00fcvenlik<\/em>: Canl\u0131 yay\u0131nlar\u0131n keyfini \u00e7\u0131kar\u0131rken anonimli\u011fi koruma ve s\u0131n\u0131rlar\u0131 belirleme konusunda rehberlik sa\u011flayarak gizlili\u011finize ve g\u00fcvenli\u011finize \u00f6ncelik veriyoruz.<\/li>\n<li><em>G\u00fcvenle Ba\u011flanmak<\/em>: Di\u011fer kullan\u0131c\u0131larla ger\u00e7ek ba\u011flant\u0131lar kurma, anlaml\u0131 ili\u015fkiler geli\u015ftirme ve unutulmaz sohbetlerin tad\u0131n\u0131 \u00e7\u0131karma konusunda ipu\u00e7lar\u0131n\u0131 ke\u015ffedin.<\/li>\n<li><em>Canl\u0131 Yay\u0131n D\u00fcnyas\u0131nda Gezinme<\/em>: \u0130ster acemi ister deneyimli bir kullan\u0131c\u0131 olun, Gizlilik, g\u00f6r\u00fcnt\u00fcl\u00fc sohbet platformlar\u0131nda zaman\u0131n\u0131z\u0131 en iyi \u015fekilde de\u011ferlendirmenize yard\u0131mc\u0131 olacak kapsaml\u0131 k\u0131lavuzlar sunar.<\/li>\n<li><em>\u00c7ok Dilde Ustal\u0131k<\/em>: \u00c7e\u015fitli dillerde konu\u015fman\u0131n, farkl\u0131 ge\u00e7mi\u015flere sahip insanlarla ba\u011flant\u0131 kurman\u0131n ve \u00e7ok k\u00fclt\u00fcrl\u00fc deneyimleri benimsemenin n\u00fcanslar\u0131n\u0131 ke\u015ffedin.<\/li>\n<\/ul>\n<p>&nbsp;<\/p>\n<p><strong>Yolculu\u011funuz Burada Ba\u015fl\u0131yor<\/strong><\/p>\n<p>Gizlilik bir dizinden daha fazlas\u0131d\u0131r; heyecan, ba\u011flant\u0131 ve ke\u015fif d\u00fcnyas\u0131na a\u00e7\u0131lan kap\u0131n\u0131zd\u0131r. Sizi, kapsaml\u0131 canl\u0131 yay\u0131n se\u00e7eneklerimize kendinizi kapt\u0131rmaya, paha bi\u00e7ilmez kaynaklar\u0131m\u0131z\u0131 ke\u015ffetmeye ve daha \u00f6nce hi\u00e7 olmad\u0131\u011f\u0131 gibi bir kendini ke\u015ffetme ve ba\u011flant\u0131 kurma yolculu\u011funa \u00e7\u0131kmaya davet ediyoruz.<\/p>\n<p>&nbsp;<\/p>\n<p><strong>Gizlilik Toplulu\u011funa Bug\u00fcn Kat\u0131l\u0131n<\/strong><\/p>\n<p>Gizlilik, yeti\u015fkinlere y\u00f6nelik canl\u0131 yay\u0131nlar d\u00fcnyas\u0131nda g\u00fcvenilir arkada\u015f\u0131n\u0131zd\u0131r. Maceran\u0131za bug\u00fcn ba\u015flay\u0131n, d\u00fcnya \u00e7ap\u0131ndaki b\u00fcy\u00fcleyici ki\u015filerle ba\u011flant\u0131 kurun ve parmaklar\u0131n\u0131z\u0131n ucunda olas\u0131l\u0131klar d\u00fcnyas\u0131n\u0131n kilidini a\u00e7\u0131n. Gizlili\u011finiz bizim i\u00e7in \u00f6nemlidir ve g\u00fcvenli ve tatmin edici bir \u00e7evrimi\u00e7i deneyim ya\u015faman\u0131z\u0131 sa\u011flamak i\u00e7in buraday\u0131z.<\/p>","protected":false},"excerpt":{"rendered":"<p>\u00c7ok dilli canl\u0131 yay\u0131n videolar\u0131n\u0131n en iyi se\u00e7imi i\u00e7in tek adresiniz olan Gizlilik&#039;e ho\u015f geldiniz<\/p>","protected":false},"author":1,"featured_media":0,"parent":0,"menu_order":0,"comment_status":"closed","ping_status":"closed","template":"","meta":{"footnotes":""},"class_list":["post-42","page","type-page","status-publish","hentry"],"yoast_head":"<!-- This site is optimized with the Yoast SEO plugin v20.13 - https:\/\/yoast.com\/wordpress\/plugins\/seo\/ -->\n<title>Privacy -<\/title>\n<meta name=\"robots\" content=\"index, follow, max-snippet:-1, max-image-preview:large, max-video-preview:-1\" \/>\n<link rel=\"canonical\" href=\"https:\/\/vcerc.org\/tr\/konfidenczialnost\/\" \/>\n<meta property=\"og:locale\" content=\"tr_TR\" \/>\n<meta property=\"og:type\" content=\"article\" \/>\n<meta property=\"og:title\" content=\"Privacy -\" \/>\n<meta property=\"og:description\" content=\"Welcome to Privacy, your one-stop destination for the finest selection of multilingual live stream video\" \/>\n<meta property=\"og:url\" content=\"https:\/\/vcerc.org\/tr\/konfidenczialnost\/\" \/>\n<meta property=\"article:modified_time\" content=\"2023-09-25T12:16:57+00:00\" \/>\n<meta name=\"twitter:card\" content=\"summary_large_image\" \/>\n<meta name=\"twitter:label1\" content=\"Tahmini okuma s\u00fcresi\" \/>\n\t<meta name=\"twitter:data1\" content=\"2 dakika\" \/>\n<script type=\"application\/ld+json\" class=\"yoast-schema-graph\">{\"@context\":\"https:\/\/schema.org\",\"@graph\":[{\"@type\":\"WebPage\",\"@id\":\"https:\/\/vcerc.org\/konfidenczialnost\/\",\"url\":\"https:\/\/vcerc.org\/konfidenczialnost\/\",\"name\":\"Privacy -\",\"isPartOf\":{\"@id\":\"https:\/\/vcerc.org\/#website\"},\"datePublished\":\"2023-08-08T16:56:50+00:00\",\"dateModified\":\"2023-09-25T12:16:57+00:00\",\"breadcrumb\":{\"@id\":\"https:\/\/vcerc.org\/konfidenczialnost\/#breadcrumb\"},\"inLanguage\":\"tr\",\"potentialAction\":[{\"@type\":\"ReadAction\",\"target\":[\"https:\/\/vcerc.org\/konfidenczialnost\/\"]}]},{\"@type\":\"BreadcrumbList\",\"@id\":\"https:\/\/vcerc.org\/konfidenczialnost\/#breadcrumb\",\"itemListElement\":[{\"@type\":\"ListItem\",\"position\":1,\"name\":\"\u0413\u043b\u0430\u0432\u043d\u0430\u044f \u0441\u0442\u0440\u0430\u043d\u0438\u0446\u0430\",\"item\":\"https:\/\/vcerc.org\/\"},{\"@type\":\"ListItem\",\"position\":2,\"name\":\"Privacy\"}]},{\"@type\":\"WebSite\",\"@id\":\"https:\/\/vcerc.org\/#website\",\"url\":\"https:\/\/vcerc.org\/\",\"name\":\"\",\"description\":\"Ultimate Multilingual Catalog of the Hottest Video Chats for Adults \u2013 Your XXX Portal to the  Sex erotic streams: Best Porn Video Chats \",\"potentialAction\":[{\"@type\":\"SearchAction\",\"target\":{\"@type\":\"EntryPoint\",\"urlTemplate\":\"https:\/\/vcerc.org\/?s={search_term_string}\"},\"query-input\":\"required name=search_term_string\"}],\"inLanguage\":\"tr\"}]}<\/script>\n<!-- \/ Yoast SEO plugin. -->","yoast_head_json":{"title":"Privacy -","robots":{"index":"index","follow":"follow","max-snippet":"max-snippet:-1","max-image-preview":"max-image-preview:large","max-video-preview":"max-video-preview:-1"},"canonical":"https:\/\/vcerc.org\/tr\/konfidenczialnost\/","og_locale":"tr_TR","og_type":"article","og_title":"Privacy -","og_description":"Welcome to Privacy, your one-stop destination for the finest selection of multilingual live stream video","og_url":"https:\/\/vcerc.org\/tr\/konfidenczialnost\/","article_modified_time":"2023-09-25T12:16:57+00:00","twitter_card":"summary_large_image","twitter_misc":{"Tahmini okuma s\u00fcresi":"2 dakika"},"schema":{"@context":"https:\/\/schema.org","@graph":[{"@type":"WebPage","@id":"https:\/\/vcerc.org\/konfidenczialnost\/","url":"https:\/\/vcerc.org\/konfidenczialnost\/","name":"Privacy -","isPartOf":{"@id":"https:\/\/vcerc.org\/#website"},"datePublished":"2023-08-08T16:56:50+00:00","dateModified":"2023-09-25T12:16:57+00:00","breadcrumb":{"@id":"https:\/\/vcerc.org\/konfidenczialnost\/#breadcrumb"},"inLanguage":"tr","potentialAction":[{"@type":"ReadAction","target":["https:\/\/vcerc.org\/konfidenczialnost\/"]}]},{"@type":"BreadcrumbList","@id":"https:\/\/vcerc.org\/konfidenczialnost\/#breadcrumb","itemListElement":[{"@type":"ListItem","position":1,"name":"\u0413\u043b\u0430\u0432\u043d\u0430\u044f \u0441\u0442\u0440\u0430\u043d\u0438\u0446\u0430","item":"https:\/\/vcerc.org\/"},{"@type":"ListItem","position":2,"name":"Privacy"}]},{"@type":"WebSite","@id":"https:\/\/vcerc.org\/#website","url":"https:\/\/vcerc.org\/","name":"","description":"Ultimate Multilingual Catalog of the Hottest Video Chats for Adults \u2013 Your XXX Portal to the  Sex erotic streams: Best Porn Video Chats ","potentialAction":[{"@type":"SearchAction","target":{"@type":"EntryPoint","urlTemplate":"https:\/\/vcerc.org\/?s={search_term_string}"},"query-input":"required name=search_term_string"}],"inLanguage":"tr"}]}},"_links":{"self":[{"href":"https:\/\/vcerc.org\/tr\/wp-json\/wp\/v2\/pages\/42","targetHints":{"allow":["GET"]}}],"collection":[{"href":"https:\/\/vcerc.org\/tr\/wp-json\/wp\/v2\/pages"}],"about":[{"href":"https:\/\/vcerc.org\/tr\/wp-json\/wp\/v2\/types\/page"}],"author":[{"embeddable":true,"href":"https:\/\/vcerc.org\/tr\/wp-json\/wp\/v2\/users\/1"}],"replies":[{"embeddable":true,"href":"https:\/\/vcerc.org\/tr\/wp-json\/wp\/v2\/comments?post=42"}],"version-history":[{"count":2,"href":"https:\/\/vcerc.org\/tr\/wp-json\/wp\/v2\/pages\/42\/revisions"}],"predecessor-version":[{"id":195,"href":"https:\/\/vcerc.org\/tr\/wp-json\/wp\/v2\/pages\/42\/revisions\/195"}],"wp:attachment":[{"href":"https:\/\/vcerc.org\/tr\/wp-json\/wp\/v2\/media?parent=42"}],"curies":[{"name":"wp","href":"https:\/\/api.w.org\/{rel}","templated":true}]}}